{"id":2177,"date":"2022-06-06T11:01:26","date_gmt":"2022-06-06T11:01:26","guid":{"rendered":"https:\/\/preview.codeless.co\/bygge\/default\/?page_id=2177"},"modified":"2023-05-25T16:38:41","modified_gmt":"2023-05-25T21:38:41","slug":"portfolio-carousel","status":"publish","type":"page","link":"https:\/\/trilatero.co\/index.php\/portfolio-carousel\/","title":{"rendered":"Portfolio Carousel"},"content":{"rendered":"\t\t<div data-elementor-type=\"wp-page\" data-elementor-id=\"2177\" class=\"elementor elementor-2177\">\n\t\t\t\t\t\t<section class=\"elementor-section elementor-top-section elementor-element elementor-element-805d76b elementor-section-full_width elementor-section-stretched light-pagination elementor-section-height-default elementor-section-height-default\" data-id=\"805d76b\" data-element_type=\"section\" data-e-type=\"section\" data-settings=\"{&quot;stretch_section&quot;:&quot;section-stretched&quot;,&quot;background_background&quot;:&quot;classic&quot;}\">\n\t\t\t\t\t\t<div class=\"elementor-container elementor-column-gap-default\">\n\t\t\t\t\t<div class=\"elementor-column elementor-col-100 elementor-top-column elementor-element elementor-element-3bc4c93\" data-id=\"3bc4c93\" data-element_type=\"column\" data-e-type=\"column\">\n\t\t\t<div class=\"elementor-widget-wrap elementor-element-populated\">\n\t\t\t\t\t\t<section class=\"elementor-section elementor-inner-section elementor-element elementor-element-130d248 elementor-section-full_width elementor-section-height-default elementor-section-height-default\" data-id=\"130d248\" data-element_type=\"section\" data-e-type=\"section\">\n\t\t\t\t\t\t<div class=\"elementor-container elementor-column-gap-default\">\n\t\t\t\t\t<div class=\"elementor-column elementor-col-100 elementor-inner-column elementor-element elementor-element-2d34132\" data-id=\"2d34132\" data-element_type=\"column\" data-e-type=\"column\">\n\t\t\t<div class=\"elementor-widget-wrap\">\n\t\t\t\t\t\t\t<\/div>\n\t\t<\/div>\n\t\t\t\t\t<\/div>\n\t\t<\/section>\n\t\t\t\t\t<\/div>\n\t\t<\/div>\n\t\t\t\t\t<\/div>\n\t\t<\/section>\n\t\t\t\t<section class=\"elementor-section elementor-top-section elementor-element elementor-element-1708be0 elementor-section-full_width elementor-section-stretched light-pagination elementor-section-height-default elementor-section-height-default\" data-id=\"1708be0\" data-element_type=\"section\" data-e-type=\"section\" data-settings=\"{&quot;stretch_section&quot;:&quot;section-stretched&quot;,&quot;background_background&quot;:&quot;classic&quot;}\">\n\t\t\t\t\t\t<div class=\"elementor-container elementor-column-gap-default\">\n\t\t\t\t\t<div class=\"elementor-column elementor-col-100 elementor-top-column elementor-element elementor-element-0f3ebd4\" data-id=\"0f3ebd4\" data-element_type=\"column\" data-e-type=\"column\">\n\t\t\t<div class=\"elementor-widget-wrap elementor-element-populated\">\n\t\t\t\t\t\t<section class=\"elementor-section elementor-inner-section elementor-element elementor-element-429a76b elementor-section-boxed elementor-section-height-default elementor-section-height-default\" data-id=\"429a76b\" data-element_type=\"section\" data-e-type=\"section\">\n\t\t\t\t\t\t<div class=\"elementor-container elementor-column-gap-default\">\n\t\t\t\t\t<div class=\"elementor-column elementor-col-50 elementor-inner-column elementor-element elementor-element-7a5a966\" data-id=\"7a5a966\" data-element_type=\"column\" data-e-type=\"column\">\n\t\t\t<div class=\"elementor-widget-wrap elementor-element-populated\">\n\t\t\t\t\t\t<div class=\"elementor-element elementor-element-d8f845c elementor-widget elementor-widget-heading\" data-id=\"d8f845c\" data-element_type=\"widget\" data-e-type=\"widget\" data-widget_type=\"heading.default\">\n\t\t\t\t<div class=\"elementor-widget-container\">\n\t\t\t\t\t<div class=\"elementor-heading-title elementor-size-default\">what we offer<\/div>\t\t\t\t<\/div>\n\t\t\t\t<\/div>\n\t\t\t\t<div class=\"elementor-element elementor-element-99523a7 elementor-widget elementor-widget-heading\" data-id=\"99523a7\" data-element_type=\"widget\" data-e-type=\"widget\" data-widget_type=\"heading.default\">\n\t\t\t\t<div class=\"elementor-widget-container\">\n\t\t\t\t\t<h2 class=\"elementor-heading-title elementor-size-default\">Works Showcase<\/h2>\t\t\t\t<\/div>\n\t\t\t\t<\/div>\n\t\t\t\t\t<\/div>\n\t\t<\/div>\n\t\t\t\t<div class=\"elementor-column elementor-col-50 elementor-inner-column elementor-element elementor-element-345308e elementor-hidden-tablet elementor-hidden-phone\" data-id=\"345308e\" data-element_type=\"column\" data-e-type=\"column\">\n\t\t\t<div class=\"elementor-widget-wrap\">\n\t\t\t\t\t\t\t<\/div>\n\t\t<\/div>\n\t\t\t\t\t<\/div>\n\t\t<\/section>\n\t\t\t\t<section class=\"elementor-section elementor-inner-section elementor-element elementor-element-95c36e7 elementor-section-full_width elementor-section-height-default elementor-section-height-default\" data-id=\"95c36e7\" data-element_type=\"section\" data-e-type=\"section\">\n\t\t\t\t\t\t<div class=\"elementor-container elementor-column-gap-default\">\n\t\t\t\t\t<div class=\"elementor-column elementor-col-100 elementor-inner-column elementor-element elementor-element-7939dbb\" data-id=\"7939dbb\" data-element_type=\"column\" data-e-type=\"column\">\n\t\t\t<div class=\"elementor-widget-wrap\">\n\t\t\t\t\t\t\t<\/div>\n\t\t<\/div>\n\t\t\t\t\t<\/div>\n\t\t<\/section>\n\t\t\t\t\t<\/div>\n\t\t<\/div>\n\t\t\t\t\t<\/div>\n\t\t<\/section>\n\t\t\t\t<section class=\"elementor-section elementor-top-section elementor-element elementor-element-24a0299 elementor-section-stretched light-pagination elementor-section-boxed elementor-section-height-default elementor-section-height-default\" data-id=\"24a0299\" data-element_type=\"section\" data-e-type=\"section\" data-settings=\"{&quot;stretch_section&quot;:&quot;section-stretched&quot;}\">\n\t\t\t\t\t\t<div class=\"elementor-container elementor-column-gap-default\">\n\t\t\t\t\t<div class=\"elementor-column elementor-col-100 elementor-top-column elementor-element elementor-element-ead140e\" data-id=\"ead140e\" data-element_type=\"column\" data-e-type=\"column\">\n\t\t\t<div class=\"elementor-widget-wrap elementor-element-populated\">\n\t\t\t\t\t\t<section class=\"elementor-section elementor-inner-section elementor-element elementor-element-8ad71c8 elementor-section-boxed elementor-section-height-default elementor-section-height-default\" data-id=\"8ad71c8\" data-element_type=\"section\" data-e-type=\"section\">\n\t\t\t\t\t\t<div class=\"elementor-container elementor-column-gap-default\">\n\t\t\t\t\t<div class=\"elementor-column elementor-col-50 elementor-inner-column elementor-element elementor-element-d525776\" data-id=\"d525776\" data-element_type=\"column\" data-e-type=\"column\">\n\t\t\t<div class=\"elementor-widget-wrap elementor-element-populated\">\n\t\t\t\t\t\t<div class=\"elementor-element elementor-element-3cd628c elementor-widget elementor-widget-heading\" data-id=\"3cd628c\" data-element_type=\"widget\" data-e-type=\"widget\" data-widget_type=\"heading.default\">\n\t\t\t\t<div class=\"elementor-widget-container\">\n\t\t\t\t\t<div class=\"elementor-heading-title elementor-size-default\">Recent Works<\/div>\t\t\t\t<\/div>\n\t\t\t\t<\/div>\n\t\t\t\t<div class=\"elementor-element elementor-element-7d0dcf2 elementor-widget elementor-widget-heading\" data-id=\"7d0dcf2\" data-element_type=\"widget\" data-e-type=\"widget\" data-widget_type=\"heading.default\">\n\t\t\t\t<div class=\"elementor-widget-container\">\n\t\t\t\t\t<h2 class=\"elementor-heading-title elementor-size-default\">Works Showcase<\/h2>\t\t\t\t<\/div>\n\t\t\t\t<\/div>\n\t\t\t\t\t<\/div>\n\t\t<\/div>\n\t\t\t\t<div class=\"elementor-column elementor-col-50 elementor-inner-column elementor-element elementor-element-d24e312 elementor-hidden-tablet elementor-hidden-phone\" data-id=\"d24e312\" data-element_type=\"column\" data-e-type=\"column\">\n\t\t\t<div class=\"elementor-widget-wrap\">\n\t\t\t\t\t\t\t<\/div>\n\t\t<\/div>\n\t\t\t\t\t<\/div>\n\t\t<\/section>\n\t\t\t\t<section class=\"elementor-section elementor-inner-section elementor-element elementor-element-26639b1 elementor-section-full_width elementor-section-height-default elementor-section-height-default\" data-id=\"26639b1\" data-element_type=\"section\" data-e-type=\"section\">\n\t\t\t\t\t\t<div class=\"elementor-container elementor-column-gap-default\">\n\t\t\t\t\t<div class=\"elementor-column elementor-col-100 elementor-inner-column elementor-element elementor-element-4a9cad7\" data-id=\"4a9cad7\" data-element_type=\"column\" data-e-type=\"column\">\n\t\t\t<div class=\"elementor-widget-wrap\">\n\t\t\t\t\t\t\t<\/div>\n\t\t<\/div>\n\t\t\t\t\t<\/div>\n\t\t<\/section>\n\t\t\t\t\t<\/div>\n\t\t<\/div>\n\t\t\t\t\t<\/div>\n\t\t<\/section>\n\t\t\t\t<\/div>\n\t\t","protected":false},"excerpt":{"rendered":"<p>Landscape Design Copy construction, work Rural Management construction, work Rural Management Planning construction, work Urban Planning construction, work Construction Management construction, work Landscape Design construction, work Interior Design construction, work what we offer Works Showcase construction, work Landscape Design Copy View More construction, work Rural Management View More construction, work [&hellip;]<\/p>\n","protected":false},"author":1,"featured_media":1620,"parent":0,"menu_order":0,"comment_status":"closed","ping_status":"closed","template":"","meta":{"_monsterinsights_skip_tracking":false,"_monsterinsights_sitenote_active":false,"_monsterinsights_sitenote_note":"","_monsterinsights_sitenote_category":0,"footnotes":""},"class_list":["post-2177","page","type-page","status-publish","has-post-thumbnail","hentry"],"aioseo_notices":[],"yoast_head":"<!-- This site is optimized with the Yoast SEO plugin v27.5 - https:\/\/yoast.com\/product\/yoast-seo-wordpress\/ -->\n<title>Portfolio Carousel - Trilatero<\/title>\n<meta name=\"robots\" content=\"index, follow, max-snippet:-1, max-image-preview:large, max-video-preview:-1\" \/>\n<link rel=\"canonical\" href=\"https:\/\/trilatero.co\/index.php\/portfolio-carousel\/\" \/>\n<meta property=\"og:locale\" content=\"es_ES\" \/>\n<meta property=\"og:type\" content=\"article\" \/>\n<meta property=\"og:title\" content=\"Portfolio Carousel - Trilatero\" \/>\n<meta property=\"og:description\" content=\"Landscape Design Copy construction, work Rural Management construction, work Rural Management Planning construction, work Urban Planning construction, work Construction Management construction, work Landscape Design construction, work Interior Design construction, work what we offer Works Showcase construction, work Landscape Design Copy View More construction, work Rural Management View More construction, work [&hellip;]\" \/>\n<meta property=\"og:url\" content=\"https:\/\/trilatero.co\/index.php\/portfolio-carousel\/\" \/>\n<meta property=\"og:site_name\" content=\"Trilatero\" \/>\n<meta property=\"article:modified_time\" content=\"2023-05-25T21:38:41+00:00\" \/>\n<meta property=\"og:image\" content=\"https:\/\/trilatero.co\/wp-content\/uploads\/2022\/03\/contact-page-header.jpg\" \/>\n\t<meta property=\"og:image:width\" content=\"1600\" \/>\n\t<meta property=\"og:image:height\" content=\"388\" \/>\n\t<meta property=\"og:image:type\" content=\"image\/jpeg\" \/>\n<meta name=\"twitter:card\" content=\"summary_large_image\" \/>\n<meta name=\"twitter:label1\" content=\"Tiempo de lectura\" \/>\n\t<meta name=\"twitter:data1\" content=\"1 minuto\" \/>\n<script type=\"application\/ld+json\" class=\"yoast-schema-graph\">{\"@context\":\"https:\\\/\\\/schema.org\",\"@graph\":[{\"@type\":\"WebPage\",\"@id\":\"https:\\\/\\\/trilatero.co\\\/index.php\\\/portfolio-carousel\\\/\",\"url\":\"https:\\\/\\\/trilatero.co\\\/index.php\\\/portfolio-carousel\\\/\",\"name\":\"Portfolio Carousel - Trilatero\",\"isPartOf\":{\"@id\":\"http:\\\/\\\/trilatero.co\\\/#website\"},\"primaryImageOfPage\":{\"@id\":\"https:\\\/\\\/trilatero.co\\\/index.php\\\/portfolio-carousel\\\/#primaryimage\"},\"image\":{\"@id\":\"https:\\\/\\\/trilatero.co\\\/index.php\\\/portfolio-carousel\\\/#primaryimage\"},\"thumbnailUrl\":\"https:\\\/\\\/trilatero.co\\\/wp-content\\\/uploads\\\/2022\\\/03\\\/contact-page-header.jpg\",\"datePublished\":\"2022-06-06T11:01:26+00:00\",\"dateModified\":\"2023-05-25T21:38:41+00:00\",\"breadcrumb\":{\"@id\":\"https:\\\/\\\/trilatero.co\\\/index.php\\\/portfolio-carousel\\\/#breadcrumb\"},\"inLanguage\":\"es-CO\",\"potentialAction\":[{\"@type\":\"ReadAction\",\"target\":[\"https:\\\/\\\/trilatero.co\\\/index.php\\\/portfolio-carousel\\\/\"]}]},{\"@type\":\"ImageObject\",\"inLanguage\":\"es-CO\",\"@id\":\"https:\\\/\\\/trilatero.co\\\/index.php\\\/portfolio-carousel\\\/#primaryimage\",\"url\":\"https:\\\/\\\/trilatero.co\\\/wp-content\\\/uploads\\\/2022\\\/03\\\/contact-page-header.jpg\",\"contentUrl\":\"https:\\\/\\\/trilatero.co\\\/wp-content\\\/uploads\\\/2022\\\/03\\\/contact-page-header.jpg\",\"width\":1600,\"height\":388},{\"@type\":\"BreadcrumbList\",\"@id\":\"https:\\\/\\\/trilatero.co\\\/index.php\\\/portfolio-carousel\\\/#breadcrumb\",\"itemListElement\":[{\"@type\":\"ListItem\",\"position\":1,\"name\":\"Inicio\",\"item\":\"https:\\\/\\\/trilatero.co\\\/\"},{\"@type\":\"ListItem\",\"position\":2,\"name\":\"Portfolio Carousel\"}]},{\"@type\":\"WebSite\",\"@id\":\"http:\\\/\\\/trilatero.co\\\/#website\",\"url\":\"http:\\\/\\\/trilatero.co\\\/\",\"name\":\"Trilatero\",\"description\":\"Dise\u00f1o - Construcci\u00f3n - Interventor\u00eda\",\"publisher\":{\"@id\":\"http:\\\/\\\/trilatero.co\\\/#organization\"},\"potentialAction\":[{\"@type\":\"SearchAction\",\"target\":{\"@type\":\"EntryPoint\",\"urlTemplate\":\"http:\\\/\\\/trilatero.co\\\/?s={search_term_string}\"},\"query-input\":{\"@type\":\"PropertyValueSpecification\",\"valueRequired\":true,\"valueName\":\"search_term_string\"}}],\"inLanguage\":\"es-CO\"},{\"@type\":\"Organization\",\"@id\":\"http:\\\/\\\/trilatero.co\\\/#organization\",\"name\":\"Trilatero\",\"url\":\"http:\\\/\\\/trilatero.co\\\/\",\"logo\":{\"@type\":\"ImageObject\",\"inLanguage\":\"es-CO\",\"@id\":\"http:\\\/\\\/trilatero.co\\\/#\\\/schema\\\/logo\\\/image\\\/\",\"url\":\"http:\\\/\\\/trilatero.co\\\/wp-content\\\/uploads\\\/2023\\\/05\\\/logo_trilatero1.png\",\"contentUrl\":\"http:\\\/\\\/trilatero.co\\\/wp-content\\\/uploads\\\/2023\\\/05\\\/logo_trilatero1.png\",\"width\":544,\"height\":303,\"caption\":\"Trilatero\"},\"image\":{\"@id\":\"http:\\\/\\\/trilatero.co\\\/#\\\/schema\\\/logo\\\/image\\\/\"},\"sameAs\":[\"https:\\\/\\\/www.instagram.com\\\/trilatero_ingcivil\\\/\"]}]}<\/script>\n<!-- \/ Yoast SEO plugin. -->","yoast_head_json":{"title":"Portfolio Carousel - Trilatero","robots":{"index":"index","follow":"follow","max-snippet":"max-snippet:-1","max-image-preview":"max-image-preview:large","max-video-preview":"max-video-preview:-1"},"canonical":"https:\/\/trilatero.co\/index.php\/portfolio-carousel\/","og_locale":"es_ES","og_type":"article","og_title":"Portfolio Carousel - Trilatero","og_description":"Landscape Design Copy construction, work Rural Management construction, work Rural Management Planning construction, work Urban Planning construction, work Construction Management construction, work Landscape Design construction, work Interior Design construction, work what we offer Works Showcase construction, work Landscape Design Copy View More construction, work Rural Management View More construction, work [&hellip;]","og_url":"https:\/\/trilatero.co\/index.php\/portfolio-carousel\/","og_site_name":"Trilatero","article_modified_time":"2023-05-25T21:38:41+00:00","og_image":[{"width":1600,"height":388,"url":"https:\/\/trilatero.co\/wp-content\/uploads\/2022\/03\/contact-page-header.jpg","type":"image\/jpeg"}],"twitter_card":"summary_large_image","twitter_misc":{"Tiempo de lectura":"1 minuto"},"schema":{"@context":"https:\/\/schema.org","@graph":[{"@type":"WebPage","@id":"https:\/\/trilatero.co\/index.php\/portfolio-carousel\/","url":"https:\/\/trilatero.co\/index.php\/portfolio-carousel\/","name":"Portfolio Carousel - Trilatero","isPartOf":{"@id":"http:\/\/trilatero.co\/#website"},"primaryImageOfPage":{"@id":"https:\/\/trilatero.co\/index.php\/portfolio-carousel\/#primaryimage"},"image":{"@id":"https:\/\/trilatero.co\/index.php\/portfolio-carousel\/#primaryimage"},"thumbnailUrl":"https:\/\/trilatero.co\/wp-content\/uploads\/2022\/03\/contact-page-header.jpg","datePublished":"2022-06-06T11:01:26+00:00","dateModified":"2023-05-25T21:38:41+00:00","breadcrumb":{"@id":"https:\/\/trilatero.co\/index.php\/portfolio-carousel\/#breadcrumb"},"inLanguage":"es-CO","potentialAction":[{"@type":"ReadAction","target":["https:\/\/trilatero.co\/index.php\/portfolio-carousel\/"]}]},{"@type":"ImageObject","inLanguage":"es-CO","@id":"https:\/\/trilatero.co\/index.php\/portfolio-carousel\/#primaryimage","url":"https:\/\/trilatero.co\/wp-content\/uploads\/2022\/03\/contact-page-header.jpg","contentUrl":"https:\/\/trilatero.co\/wp-content\/uploads\/2022\/03\/contact-page-header.jpg","width":1600,"height":388},{"@type":"BreadcrumbList","@id":"https:\/\/trilatero.co\/index.php\/portfolio-carousel\/#breadcrumb","itemListElement":[{"@type":"ListItem","position":1,"name":"Inicio","item":"https:\/\/trilatero.co\/"},{"@type":"ListItem","position":2,"name":"Portfolio Carousel"}]},{"@type":"WebSite","@id":"http:\/\/trilatero.co\/#website","url":"http:\/\/trilatero.co\/","name":"Trilatero","description":"Dise\u00f1o - Construcci\u00f3n - Interventor\u00eda","publisher":{"@id":"http:\/\/trilatero.co\/#organization"},"potentialAction":[{"@type":"SearchAction","target":{"@type":"EntryPoint","urlTemplate":"http:\/\/trilatero.co\/?s={search_term_string}"},"query-input":{"@type":"PropertyValueSpecification","valueRequired":true,"valueName":"search_term_string"}}],"inLanguage":"es-CO"},{"@type":"Organization","@id":"http:\/\/trilatero.co\/#organization","name":"Trilatero","url":"http:\/\/trilatero.co\/","logo":{"@type":"ImageObject","inLanguage":"es-CO","@id":"http:\/\/trilatero.co\/#\/schema\/logo\/image\/","url":"http:\/\/trilatero.co\/wp-content\/uploads\/2023\/05\/logo_trilatero1.png","contentUrl":"http:\/\/trilatero.co\/wp-content\/uploads\/2023\/05\/logo_trilatero1.png","width":544,"height":303,"caption":"Trilatero"},"image":{"@id":"http:\/\/trilatero.co\/#\/schema\/logo\/image\/"},"sameAs":["https:\/\/www.instagram.com\/trilatero_ingcivil\/"]}]}},"_links":{"self":[{"href":"https:\/\/trilatero.co\/index.php\/wp-json\/wp\/v2\/pages\/2177","targetHints":{"allow":["GET"]}}],"collection":[{"href":"https:\/\/trilatero.co\/index.php\/wp-json\/wp\/v2\/pages"}],"about":[{"href":"https:\/\/trilatero.co\/index.php\/wp-json\/wp\/v2\/types\/page"}],"author":[{"embeddable":true,"href":"https:\/\/trilatero.co\/index.php\/wp-json\/wp\/v2\/users\/1"}],"replies":[{"embeddable":true,"href":"https:\/\/trilatero.co\/index.php\/wp-json\/wp\/v2\/comments?post=2177"}],"version-history":[{"count":1,"href":"https:\/\/trilatero.co\/index.php\/wp-json\/wp\/v2\/pages\/2177\/revisions"}],"predecessor-version":[{"id":2594,"href":"https:\/\/trilatero.co\/index.php\/wp-json\/wp\/v2\/pages\/2177\/revisions\/2594"}],"wp:featuredmedia":[{"embeddable":true,"href":"https:\/\/trilatero.co\/index.php\/wp-json\/wp\/v2\/media\/1620"}],"wp:attachment":[{"href":"https:\/\/trilatero.co\/index.php\/wp-json\/wp\/v2\/media?parent=2177"}],"curies":[{"name":"wp","href":"https:\/\/api.w.org\/{rel}","templated":true}]}}