{"id":2278,"date":"2022-06-06T12:23:49","date_gmt":"2022-06-06T12:23:49","guid":{"rendered":"https:\/\/preview.codeless.co\/bygge\/default\/?page_id=2278"},"modified":"2023-05-25T16:38:42","modified_gmt":"2023-05-25T21:38:42","slug":"blog-styles-copy","status":"publish","type":"page","link":"https:\/\/trilatero.co\/index.php\/blog-styles-copy\/","title":{"rendered":"Progress Bar"},"content":{"rendered":"\t\t<div data-elementor-type=\"wp-page\" data-elementor-id=\"2278\" class=\"elementor elementor-2278\">\n\t\t\t\t\t\t<section class=\"elementor-section elementor-top-section elementor-element elementor-element-e4b734b elementor-section-content-middle elementor-section-stretched elementor-section-boxed elementor-section-height-default elementor-section-height-default\" data-id=\"e4b734b\" data-element_type=\"section\" data-e-type=\"section\" data-settings=\"{&quot;stretch_section&quot;:&quot;section-stretched&quot;,&quot;background_background&quot;:&quot;classic&quot;}\">\n\t\t\t\t\t\t<div class=\"elementor-container elementor-column-gap-default\">\n\t\t\t\t\t<div class=\"elementor-column elementor-col-50 elementor-top-column elementor-element elementor-element-235e8ee\" data-id=\"235e8ee\" data-element_type=\"column\" data-e-type=\"column\" data-settings=\"{&quot;background_background&quot;:&quot;classic&quot;}\">\n\t\t\t<div class=\"elementor-widget-wrap elementor-element-populated\">\n\t\t\t\t\t\t<div class=\"elementor-element elementor-element-a4ffeac elementor-widget elementor-widget-image\" data-id=\"a4ffeac\" data-element_type=\"widget\" data-e-type=\"widget\" data-widget_type=\"image.default\">\n\t\t\t\t<div class=\"elementor-widget-container\">\n\t\t\t\t\t\t\t\t\t\t\t\t\t\t\t<img fetchpriority=\"high\" decoding=\"async\" width=\"352\" height=\"410\" src=\"https:\/\/trilatero.co\/wp-content\/uploads\/2022\/03\/about-img2.jpg\" class=\"attachment-large size-large wp-image-1540\" alt=\"\" srcset=\"https:\/\/trilatero.co\/wp-content\/uploads\/2022\/03\/about-img2.jpg 352w, https:\/\/trilatero.co\/wp-content\/uploads\/2022\/03\/about-img2-258x300.jpg 258w\" sizes=\"(max-width: 352px) 100vw, 352px\" \/>\t\t\t\t\t\t\t\t\t\t\t\t\t\t\t<\/div>\n\t\t\t\t<\/div>\n\t\t\t\t\t<\/div>\n\t\t<\/div>\n\t\t\t\t<div class=\"elementor-column elementor-col-50 elementor-top-column elementor-element elementor-element-306b836\" data-id=\"306b836\" data-element_type=\"column\" data-e-type=\"column\">\n\t\t\t<div class=\"elementor-widget-wrap elementor-element-populated\">\n\t\t\t\t\t\t<div class=\"elementor-element elementor-element-4e173fb elementor-widget elementor-widget-heading\" data-id=\"4e173fb\" data-element_type=\"widget\" data-e-type=\"widget\" data-widget_type=\"heading.default\">\n\t\t\t\t<div class=\"elementor-widget-container\">\n\t\t\t\t\t<div class=\"elementor-heading-title elementor-size-default\">Company Status<\/div>\t\t\t\t<\/div>\n\t\t\t\t<\/div>\n\t\t\t\t<div class=\"elementor-element elementor-element-e4d8213 elementor-widget elementor-widget-heading\" data-id=\"e4d8213\" data-element_type=\"widget\" data-e-type=\"widget\" data-widget_type=\"heading.default\">\n\t\t\t\t<div class=\"elementor-widget-container\">\n\t\t\t\t\t<h2 class=\"elementor-heading-title elementor-size-default\">A clear choice for today and tomorrow.<\/h2>\t\t\t\t<\/div>\n\t\t\t\t<\/div>\n\t\t\t\t<div class=\"elementor-element elementor-element-c133c6d elementor-widget elementor-widget-text-editor\" data-id=\"c133c6d\" data-element_type=\"widget\" data-e-type=\"widget\" data-widget_type=\"text-editor.default\">\n\t\t\t\t<div class=\"elementor-widget-container\">\n\t\t\t\t\t\t\t\t\t<p>We have a wealth of experience working as main building contractors on all kinds of projects, big and small, from home maintenance and improvements to extensions, refurbishments and new builds.<\/p>\t\t\t\t\t\t\t\t<\/div>\n\t\t\t\t<\/div>\n\t\t\t\t<div class=\"elementor-element elementor-element-de4d2bf elementor-widget elementor-widget-progress\" data-id=\"de4d2bf\" data-element_type=\"widget\" data-e-type=\"widget\" data-widget_type=\"progress.default\">\n\t\t\t\t<div class=\"elementor-widget-container\">\n\t\t\t\t\t\t\t\t<span class=\"elementor-title\" id=\"elementor-progress-bar-de4d2bf\">\n\t\t\t\tBusiness Strategy\t\t\t<\/span>\n\t\t\n\t\t<div aria-labelledby=\"elementor-progress-bar-de4d2bf\" class=\"elementor-progress-wrapper\" role=\"progressbar\" aria-valuemin=\"0\" aria-valuemax=\"100\" aria-valuenow=\"65\">\n\t\t\t<div class=\"elementor-progress-bar\" data-max=\"65\">\n\t\t\t\t<span class=\"elementor-progress-text\"><\/span>\n\t\t\t\t\t\t\t\t\t<span class=\"elementor-progress-percentage\">65%<\/span>\n\t\t\t\t\t\t\t<\/div>\n\t\t<\/div>\n\t\t\t\t\t\t<\/div>\n\t\t\t\t<\/div>\n\t\t\t\t<div class=\"elementor-element elementor-element-12417e1 elementor-widget elementor-widget-progress\" data-id=\"12417e1\" data-element_type=\"widget\" data-e-type=\"widget\" data-widget_type=\"progress.default\">\n\t\t\t\t<div class=\"elementor-widget-container\">\n\t\t\t\t\t\t\t\t<span class=\"elementor-title\" id=\"elementor-progress-bar-12417e1\">\n\t\t\t\tData Analytics\t\t\t<\/span>\n\t\t\n\t\t<div aria-labelledby=\"elementor-progress-bar-12417e1\" class=\"elementor-progress-wrapper\" role=\"progressbar\" aria-valuemin=\"0\" aria-valuemax=\"100\" aria-valuenow=\"87\">\n\t\t\t<div class=\"elementor-progress-bar\" data-max=\"87\">\n\t\t\t\t<span class=\"elementor-progress-text\"><\/span>\n\t\t\t\t\t\t\t\t\t<span class=\"elementor-progress-percentage\">87%<\/span>\n\t\t\t\t\t\t\t<\/div>\n\t\t<\/div>\n\t\t\t\t\t\t<\/div>\n\t\t\t\t<\/div>\n\t\t\t\t<div class=\"elementor-element elementor-element-1c22e5a elementor-widget elementor-widget-progress\" data-id=\"1c22e5a\" data-element_type=\"widget\" data-e-type=\"widget\" data-widget_type=\"progress.default\">\n\t\t\t\t<div class=\"elementor-widget-container\">\n\t\t\t\t\t\t\t\t<span class=\"elementor-title\" id=\"elementor-progress-bar-1c22e5a\">\n\t\t\t\tCustomer Experience\t\t\t<\/span>\n\t\t\n\t\t<div aria-labelledby=\"elementor-progress-bar-1c22e5a\" class=\"elementor-progress-wrapper\" role=\"progressbar\" aria-valuemin=\"0\" aria-valuemax=\"100\" aria-valuenow=\"79\">\n\t\t\t<div class=\"elementor-progress-bar\" data-max=\"79\">\n\t\t\t\t<span class=\"elementor-progress-text\"><\/span>\n\t\t\t\t\t\t\t\t\t<span class=\"elementor-progress-percentage\">79%<\/span>\n\t\t\t\t\t\t\t<\/div>\n\t\t<\/div>\n\t\t\t\t\t\t<\/div>\n\t\t\t\t<\/div>\n\t\t\t\t\t<\/div>\n\t\t<\/div>\n\t\t\t\t\t<\/div>\n\t\t<\/section>\n\t\t\t\t<\/div>\n\t\t","protected":false},"excerpt":{"rendered":"<p>Company Status A clear choice for today and tomorrow. We have a wealth of experience working as main building contractors on all kinds of projects, big and small, from home maintenance and improvements to extensions, refurbishments and new builds. Business Strategy 65% Data Analytics 87% Customer Experience 79%<\/p>\n","protected":false},"author":1,"featured_media":1620,"parent":0,"menu_order":0,"comment_status":"closed","ping_status":"closed","template":"","meta":{"_monsterinsights_skip_tracking":false,"_monsterinsights_sitenote_active":false,"_monsterinsights_sitenote_note":"","_monsterinsights_sitenote_category":0,"footnotes":""},"class_list":["post-2278","page","type-page","status-publish","has-post-thumbnail","hentry"],"aioseo_notices":[],"yoast_head":"<!-- This site is optimized with the Yoast SEO plugin v27.5 - https:\/\/yoast.com\/product\/yoast-seo-wordpress\/ -->\n<title>Progress Bar - Trilatero<\/title>\n<meta name=\"robots\" content=\"index, follow, max-snippet:-1, max-image-preview:large, max-video-preview:-1\" \/>\n<link rel=\"canonical\" href=\"https:\/\/trilatero.co\/index.php\/blog-styles-copy\/\" \/>\n<meta property=\"og:locale\" content=\"es_ES\" \/>\n<meta property=\"og:type\" content=\"article\" \/>\n<meta property=\"og:title\" content=\"Progress Bar - Trilatero\" \/>\n<meta property=\"og:description\" content=\"Company Status A clear choice for today and tomorrow. We have a wealth of experience working as main building contractors on all kinds of projects, big and small, from home maintenance and improvements to extensions, refurbishments and new builds. Business Strategy 65% Data Analytics 87% Customer Experience 79%\" \/>\n<meta property=\"og:url\" content=\"https:\/\/trilatero.co\/index.php\/blog-styles-copy\/\" \/>\n<meta property=\"og:site_name\" content=\"Trilatero\" \/>\n<meta property=\"article:modified_time\" content=\"2023-05-25T21:38:42+00:00\" \/>\n<meta property=\"og:image\" content=\"https:\/\/trilatero.co\/wp-content\/uploads\/2022\/03\/contact-page-header.jpg\" \/>\n\t<meta property=\"og:image:width\" content=\"1600\" \/>\n\t<meta property=\"og:image:height\" content=\"388\" \/>\n\t<meta property=\"og:image:type\" content=\"image\/jpeg\" \/>\n<meta name=\"twitter:card\" content=\"summary_large_image\" \/>\n<script type=\"application\/ld+json\" class=\"yoast-schema-graph\">{\"@context\":\"https:\\\/\\\/schema.org\",\"@graph\":[{\"@type\":\"WebPage\",\"@id\":\"https:\\\/\\\/trilatero.co\\\/index.php\\\/blog-styles-copy\\\/\",\"url\":\"https:\\\/\\\/trilatero.co\\\/index.php\\\/blog-styles-copy\\\/\",\"name\":\"Progress Bar - Trilatero\",\"isPartOf\":{\"@id\":\"http:\\\/\\\/trilatero.co\\\/#website\"},\"primaryImageOfPage\":{\"@id\":\"https:\\\/\\\/trilatero.co\\\/index.php\\\/blog-styles-copy\\\/#primaryimage\"},\"image\":{\"@id\":\"https:\\\/\\\/trilatero.co\\\/index.php\\\/blog-styles-copy\\\/#primaryimage\"},\"thumbnailUrl\":\"https:\\\/\\\/trilatero.co\\\/wp-content\\\/uploads\\\/2022\\\/03\\\/contact-page-header.jpg\",\"datePublished\":\"2022-06-06T12:23:49+00:00\",\"dateModified\":\"2023-05-25T21:38:42+00:00\",\"breadcrumb\":{\"@id\":\"https:\\\/\\\/trilatero.co\\\/index.php\\\/blog-styles-copy\\\/#breadcrumb\"},\"inLanguage\":\"es-CO\",\"potentialAction\":[{\"@type\":\"ReadAction\",\"target\":[\"https:\\\/\\\/trilatero.co\\\/index.php\\\/blog-styles-copy\\\/\"]}]},{\"@type\":\"ImageObject\",\"inLanguage\":\"es-CO\",\"@id\":\"https:\\\/\\\/trilatero.co\\\/index.php\\\/blog-styles-copy\\\/#primaryimage\",\"url\":\"https:\\\/\\\/trilatero.co\\\/wp-content\\\/uploads\\\/2022\\\/03\\\/contact-page-header.jpg\",\"contentUrl\":\"https:\\\/\\\/trilatero.co\\\/wp-content\\\/uploads\\\/2022\\\/03\\\/contact-page-header.jpg\",\"width\":1600,\"height\":388},{\"@type\":\"BreadcrumbList\",\"@id\":\"https:\\\/\\\/trilatero.co\\\/index.php\\\/blog-styles-copy\\\/#breadcrumb\",\"itemListElement\":[{\"@type\":\"ListItem\",\"position\":1,\"name\":\"Inicio\",\"item\":\"https:\\\/\\\/trilatero.co\\\/\"},{\"@type\":\"ListItem\",\"position\":2,\"name\":\"Progress Bar\"}]},{\"@type\":\"WebSite\",\"@id\":\"http:\\\/\\\/trilatero.co\\\/#website\",\"url\":\"http:\\\/\\\/trilatero.co\\\/\",\"name\":\"Trilatero\",\"description\":\"Dise\u00f1o - Construcci\u00f3n - Interventor\u00eda\",\"publisher\":{\"@id\":\"http:\\\/\\\/trilatero.co\\\/#organization\"},\"potentialAction\":[{\"@type\":\"SearchAction\",\"target\":{\"@type\":\"EntryPoint\",\"urlTemplate\":\"http:\\\/\\\/trilatero.co\\\/?s={search_term_string}\"},\"query-input\":{\"@type\":\"PropertyValueSpecification\",\"valueRequired\":true,\"valueName\":\"search_term_string\"}}],\"inLanguage\":\"es-CO\"},{\"@type\":\"Organization\",\"@id\":\"http:\\\/\\\/trilatero.co\\\/#organization\",\"name\":\"Trilatero\",\"url\":\"http:\\\/\\\/trilatero.co\\\/\",\"logo\":{\"@type\":\"ImageObject\",\"inLanguage\":\"es-CO\",\"@id\":\"http:\\\/\\\/trilatero.co\\\/#\\\/schema\\\/logo\\\/image\\\/\",\"url\":\"http:\\\/\\\/trilatero.co\\\/wp-content\\\/uploads\\\/2023\\\/05\\\/logo_trilatero1.png\",\"contentUrl\":\"http:\\\/\\\/trilatero.co\\\/wp-content\\\/uploads\\\/2023\\\/05\\\/logo_trilatero1.png\",\"width\":544,\"height\":303,\"caption\":\"Trilatero\"},\"image\":{\"@id\":\"http:\\\/\\\/trilatero.co\\\/#\\\/schema\\\/logo\\\/image\\\/\"},\"sameAs\":[\"https:\\\/\\\/www.instagram.com\\\/trilatero_ingcivil\\\/\"]}]}<\/script>\n<!-- \/ Yoast SEO plugin. -->","yoast_head_json":{"title":"Progress Bar - Trilatero","robots":{"index":"index","follow":"follow","max-snippet":"max-snippet:-1","max-image-preview":"max-image-preview:large","max-video-preview":"max-video-preview:-1"},"canonical":"https:\/\/trilatero.co\/index.php\/blog-styles-copy\/","og_locale":"es_ES","og_type":"article","og_title":"Progress Bar - Trilatero","og_description":"Company Status A clear choice for today and tomorrow. We have a wealth of experience working as main building contractors on all kinds of projects, big and small, from home maintenance and improvements to extensions, refurbishments and new builds. Business Strategy 65% Data Analytics 87% Customer Experience 79%","og_url":"https:\/\/trilatero.co\/index.php\/blog-styles-copy\/","og_site_name":"Trilatero","article_modified_time":"2023-05-25T21:38:42+00:00","og_image":[{"width":1600,"height":388,"url":"https:\/\/trilatero.co\/wp-content\/uploads\/2022\/03\/contact-page-header.jpg","type":"image\/jpeg"}],"twitter_card":"summary_large_image","schema":{"@context":"https:\/\/schema.org","@graph":[{"@type":"WebPage","@id":"https:\/\/trilatero.co\/index.php\/blog-styles-copy\/","url":"https:\/\/trilatero.co\/index.php\/blog-styles-copy\/","name":"Progress Bar - Trilatero","isPartOf":{"@id":"http:\/\/trilatero.co\/#website"},"primaryImageOfPage":{"@id":"https:\/\/trilatero.co\/index.php\/blog-styles-copy\/#primaryimage"},"image":{"@id":"https:\/\/trilatero.co\/index.php\/blog-styles-copy\/#primaryimage"},"thumbnailUrl":"https:\/\/trilatero.co\/wp-content\/uploads\/2022\/03\/contact-page-header.jpg","datePublished":"2022-06-06T12:23:49+00:00","dateModified":"2023-05-25T21:38:42+00:00","breadcrumb":{"@id":"https:\/\/trilatero.co\/index.php\/blog-styles-copy\/#breadcrumb"},"inLanguage":"es-CO","potentialAction":[{"@type":"ReadAction","target":["https:\/\/trilatero.co\/index.php\/blog-styles-copy\/"]}]},{"@type":"ImageObject","inLanguage":"es-CO","@id":"https:\/\/trilatero.co\/index.php\/blog-styles-copy\/#primaryimage","url":"https:\/\/trilatero.co\/wp-content\/uploads\/2022\/03\/contact-page-header.jpg","contentUrl":"https:\/\/trilatero.co\/wp-content\/uploads\/2022\/03\/contact-page-header.jpg","width":1600,"height":388},{"@type":"BreadcrumbList","@id":"https:\/\/trilatero.co\/index.php\/blog-styles-copy\/#breadcrumb","itemListElement":[{"@type":"ListItem","position":1,"name":"Inicio","item":"https:\/\/trilatero.co\/"},{"@type":"ListItem","position":2,"name":"Progress Bar"}]},{"@type":"WebSite","@id":"http:\/\/trilatero.co\/#website","url":"http:\/\/trilatero.co\/","name":"Trilatero","description":"Dise\u00f1o - Construcci\u00f3n - Interventor\u00eda","publisher":{"@id":"http:\/\/trilatero.co\/#organization"},"potentialAction":[{"@type":"SearchAction","target":{"@type":"EntryPoint","urlTemplate":"http:\/\/trilatero.co\/?s={search_term_string}"},"query-input":{"@type":"PropertyValueSpecification","valueRequired":true,"valueName":"search_term_string"}}],"inLanguage":"es-CO"},{"@type":"Organization","@id":"http:\/\/trilatero.co\/#organization","name":"Trilatero","url":"http:\/\/trilatero.co\/","logo":{"@type":"ImageObject","inLanguage":"es-CO","@id":"http:\/\/trilatero.co\/#\/schema\/logo\/image\/","url":"http:\/\/trilatero.co\/wp-content\/uploads\/2023\/05\/logo_trilatero1.png","contentUrl":"http:\/\/trilatero.co\/wp-content\/uploads\/2023\/05\/logo_trilatero1.png","width":544,"height":303,"caption":"Trilatero"},"image":{"@id":"http:\/\/trilatero.co\/#\/schema\/logo\/image\/"},"sameAs":["https:\/\/www.instagram.com\/trilatero_ingcivil\/"]}]}},"_links":{"self":[{"href":"https:\/\/trilatero.co\/index.php\/wp-json\/wp\/v2\/pages\/2278","targetHints":{"allow":["GET"]}}],"collection":[{"href":"https:\/\/trilatero.co\/index.php\/wp-json\/wp\/v2\/pages"}],"about":[{"href":"https:\/\/trilatero.co\/index.php\/wp-json\/wp\/v2\/types\/page"}],"author":[{"embeddable":true,"href":"https:\/\/trilatero.co\/index.php\/wp-json\/wp\/v2\/users\/1"}],"replies":[{"embeddable":true,"href":"https:\/\/trilatero.co\/index.php\/wp-json\/wp\/v2\/comments?post=2278"}],"version-history":[{"count":1,"href":"https:\/\/trilatero.co\/index.php\/wp-json\/wp\/v2\/pages\/2278\/revisions"}],"predecessor-version":[{"id":2599,"href":"https:\/\/trilatero.co\/index.php\/wp-json\/wp\/v2\/pages\/2278\/revisions\/2599"}],"wp:featuredmedia":[{"embeddable":true,"href":"https:\/\/trilatero.co\/index.php\/wp-json\/wp\/v2\/media\/1620"}],"wp:attachment":[{"href":"https:\/\/trilatero.co\/index.php\/wp-json\/wp\/v2\/media?parent=2278"}],"curies":[{"name":"wp","href":"https:\/\/api.w.org\/{rel}","templated":true}]}}