{"id":2296,"date":"2022-06-06T12:29:59","date_gmt":"2022-06-06T12:29:59","guid":{"rendered":"https:\/\/preview.codeless.co\/bygge\/default\/?page_id=2296"},"modified":"2022-06-06T12:29:59","modified_gmt":"2022-06-06T12:29:59","slug":"blog-styles-copy-3","status":"publish","type":"page","link":"https:\/\/trilatero.co\/index.php\/blog-styles-copy-3\/","title":{"rendered":"Pricing List"},"content":{"rendered":"\t\t<div data-elementor-type=\"wp-page\" data-elementor-id=\"2296\" class=\"elementor elementor-2296\">\n\t\t\t\t\t\t<section class=\"elementor-section elementor-top-section elementor-element elementor-element-367e944 elementor-section-boxed elementor-section-height-default elementor-section-height-default\" data-id=\"367e944\" data-element_type=\"section\" data-e-type=\"section\" data-settings=\"{&quot;background_background&quot;:&quot;classic&quot;}\">\n\t\t\t\t\t\t<div class=\"elementor-container elementor-column-gap-default\">\n\t\t\t\t\t<div class=\"elementor-column elementor-col-100 elementor-top-column elementor-element elementor-element-14b0edd\" data-id=\"14b0edd\" data-element_type=\"column\" data-e-type=\"column\">\n\t\t\t<div class=\"elementor-widget-wrap elementor-element-populated\">\n\t\t\t\t\t\t<div class=\"elementor-element elementor-element-2a2b761 elementor-widget elementor-widget-heading\" data-id=\"2a2b761\" data-element_type=\"widget\" data-e-type=\"widget\" data-widget_type=\"heading.default\">\n\t\t\t\t<div class=\"elementor-widget-container\">\n\t\t\t\t\t<div class=\"elementor-heading-title elementor-size-default\">Our Plans<\/div>\t\t\t\t<\/div>\n\t\t\t\t<\/div>\n\t\t\t\t<div class=\"elementor-element elementor-element-bcc6810 elementor-widget elementor-widget-heading\" data-id=\"bcc6810\" data-element_type=\"widget\" data-e-type=\"widget\" data-widget_type=\"heading.default\">\n\t\t\t\t<div class=\"elementor-widget-container\">\n\t\t\t\t\t<h2 class=\"elementor-heading-title elementor-size-default\">Pricing List<\/h2>\t\t\t\t<\/div>\n\t\t\t\t<\/div>\n\t\t\t\t<section class=\"elementor-section elementor-inner-section elementor-element elementor-element-865aa42 elementor-section-boxed elementor-section-height-default elementor-section-height-default\" data-id=\"865aa42\" data-element_type=\"section\" data-e-type=\"section\">\n\t\t\t\t\t\t<div class=\"elementor-container elementor-column-gap-default\">\n\t\t\t\t\t<div class=\"elementor-column elementor-col-33 elementor-inner-column elementor-element elementor-element-e1f8a3b\" data-id=\"e1f8a3b\" data-element_type=\"column\" data-e-type=\"column\">\n\t\t\t<div class=\"elementor-widget-wrap\">\n\t\t\t\t\t\t\t<\/div>\n\t\t<\/div>\n\t\t\t\t<div class=\"elementor-column elementor-col-33 elementor-inner-column elementor-element elementor-element-fd30f2d\" data-id=\"fd30f2d\" data-element_type=\"column\" data-e-type=\"column\">\n\t\t\t<div class=\"elementor-widget-wrap\">\n\t\t\t\t\t\t\t<\/div>\n\t\t<\/div>\n\t\t\t\t<div class=\"elementor-column elementor-col-33 elementor-inner-column elementor-element elementor-element-6636b86\" data-id=\"6636b86\" data-element_type=\"column\" data-e-type=\"column\">\n\t\t\t<div class=\"elementor-widget-wrap\">\n\t\t\t\t\t\t\t<\/div>\n\t\t<\/div>\n\t\t\t\t\t<\/div>\n\t\t<\/section>\n\t\t\t\t\t<\/div>\n\t\t<\/div>\n\t\t\t\t\t<\/div>\n\t\t<\/section>\n\t\t\t\t<\/div>\n\t\t","protected":false},"excerpt":{"rendered":"<p>Our Plans Pricing List Startup 49 $ \/MO Unlimited Bandwidth Unlimited Storage Mobile-Optimized Site SL Security Certificates Advanced Analytics View More Business 389 $ \/MO Unlimited Bandwidth Unlimited Storage Mobile-Optimized Site SL Security Certificates Advanced Analytics View More Enterprise 789 $ \/MO Unlimited Bandwidth Unlimited Storage Mobile-Optimized Site SL Security [&hellip;]<\/p>\n","protected":false},"author":1,"featured_media":1620,"parent":0,"menu_order":0,"comment_status":"closed","ping_status":"closed","template":"","meta":{"_monsterinsights_skip_tracking":false,"_monsterinsights_sitenote_active":false,"_monsterinsights_sitenote_note":"","_monsterinsights_sitenote_category":0,"footnotes":""},"class_list":["post-2296","page","type-page","status-publish","has-post-thumbnail","hentry"],"aioseo_notices":[],"yoast_head":"<!-- This site is optimized with the Yoast SEO plugin v27.4 - https:\/\/yoast.com\/product\/yoast-seo-wordpress\/ -->\n<title>Pricing List - Trilatero<\/title>\n<meta name=\"robots\" content=\"index, follow, max-snippet:-1, max-image-preview:large, max-video-preview:-1\" \/>\n<link rel=\"canonical\" href=\"https:\/\/trilatero.co\/index.php\/blog-styles-copy-3\/\" \/>\n<meta property=\"og:locale\" content=\"es_ES\" \/>\n<meta property=\"og:type\" content=\"article\" \/>\n<meta property=\"og:title\" content=\"Pricing List - Trilatero\" \/>\n<meta property=\"og:description\" content=\"Our Plans Pricing List Startup 49 $ \/MO Unlimited Bandwidth Unlimited Storage Mobile-Optimized Site SL Security Certificates Advanced Analytics View More Business 389 $ \/MO Unlimited Bandwidth Unlimited Storage Mobile-Optimized Site SL Security Certificates Advanced Analytics View More Enterprise 789 $ \/MO Unlimited Bandwidth Unlimited Storage Mobile-Optimized Site SL Security [&hellip;]\" \/>\n<meta property=\"og:url\" content=\"https:\/\/trilatero.co\/index.php\/blog-styles-copy-3\/\" \/>\n<meta property=\"og:site_name\" content=\"Trilatero\" \/>\n<meta property=\"og:image\" content=\"https:\/\/trilatero.co\/wp-content\/uploads\/2022\/03\/contact-page-header.jpg\" \/>\n\t<meta property=\"og:image:width\" content=\"1600\" \/>\n\t<meta property=\"og:image:height\" content=\"388\" \/>\n\t<meta property=\"og:image:type\" content=\"image\/jpeg\" \/>\n<meta name=\"twitter:card\" content=\"summary_large_image\" \/>\n<script type=\"application\/ld+json\" class=\"yoast-schema-graph\">{\"@context\":\"https:\\\/\\\/schema.org\",\"@graph\":[{\"@type\":\"WebPage\",\"@id\":\"https:\\\/\\\/trilatero.co\\\/index.php\\\/blog-styles-copy-3\\\/\",\"url\":\"https:\\\/\\\/trilatero.co\\\/index.php\\\/blog-styles-copy-3\\\/\",\"name\":\"Pricing List - Trilatero\",\"isPartOf\":{\"@id\":\"http:\\\/\\\/trilatero.co\\\/#website\"},\"primaryImageOfPage\":{\"@id\":\"https:\\\/\\\/trilatero.co\\\/index.php\\\/blog-styles-copy-3\\\/#primaryimage\"},\"image\":{\"@id\":\"https:\\\/\\\/trilatero.co\\\/index.php\\\/blog-styles-copy-3\\\/#primaryimage\"},\"thumbnailUrl\":\"https:\\\/\\\/trilatero.co\\\/wp-content\\\/uploads\\\/2022\\\/03\\\/contact-page-header.jpg\",\"datePublished\":\"2022-06-06T12:29:59+00:00\",\"breadcrumb\":{\"@id\":\"https:\\\/\\\/trilatero.co\\\/index.php\\\/blog-styles-copy-3\\\/#breadcrumb\"},\"inLanguage\":\"es-CO\",\"potentialAction\":[{\"@type\":\"ReadAction\",\"target\":[\"https:\\\/\\\/trilatero.co\\\/index.php\\\/blog-styles-copy-3\\\/\"]}]},{\"@type\":\"ImageObject\",\"inLanguage\":\"es-CO\",\"@id\":\"https:\\\/\\\/trilatero.co\\\/index.php\\\/blog-styles-copy-3\\\/#primaryimage\",\"url\":\"https:\\\/\\\/trilatero.co\\\/wp-content\\\/uploads\\\/2022\\\/03\\\/contact-page-header.jpg\",\"contentUrl\":\"https:\\\/\\\/trilatero.co\\\/wp-content\\\/uploads\\\/2022\\\/03\\\/contact-page-header.jpg\",\"width\":1600,\"height\":388},{\"@type\":\"BreadcrumbList\",\"@id\":\"https:\\\/\\\/trilatero.co\\\/index.php\\\/blog-styles-copy-3\\\/#breadcrumb\",\"itemListElement\":[{\"@type\":\"ListItem\",\"position\":1,\"name\":\"Inicio\",\"item\":\"https:\\\/\\\/trilatero.co\\\/\"},{\"@type\":\"ListItem\",\"position\":2,\"name\":\"Pricing List\"}]},{\"@type\":\"WebSite\",\"@id\":\"http:\\\/\\\/trilatero.co\\\/#website\",\"url\":\"http:\\\/\\\/trilatero.co\\\/\",\"name\":\"Trilatero\",\"description\":\"Dise\u00f1o - Construcci\u00f3n - Interventor\u00eda\",\"publisher\":{\"@id\":\"http:\\\/\\\/trilatero.co\\\/#organization\"},\"potentialAction\":[{\"@type\":\"SearchAction\",\"target\":{\"@type\":\"EntryPoint\",\"urlTemplate\":\"http:\\\/\\\/trilatero.co\\\/?s={search_term_string}\"},\"query-input\":{\"@type\":\"PropertyValueSpecification\",\"valueRequired\":true,\"valueName\":\"search_term_string\"}}],\"inLanguage\":\"es-CO\"},{\"@type\":\"Organization\",\"@id\":\"http:\\\/\\\/trilatero.co\\\/#organization\",\"name\":\"Trilatero\",\"url\":\"http:\\\/\\\/trilatero.co\\\/\",\"logo\":{\"@type\":\"ImageObject\",\"inLanguage\":\"es-CO\",\"@id\":\"http:\\\/\\\/trilatero.co\\\/#\\\/schema\\\/logo\\\/image\\\/\",\"url\":\"http:\\\/\\\/trilatero.co\\\/wp-content\\\/uploads\\\/2023\\\/05\\\/logo_trilatero1.png\",\"contentUrl\":\"http:\\\/\\\/trilatero.co\\\/wp-content\\\/uploads\\\/2023\\\/05\\\/logo_trilatero1.png\",\"width\":544,\"height\":303,\"caption\":\"Trilatero\"},\"image\":{\"@id\":\"http:\\\/\\\/trilatero.co\\\/#\\\/schema\\\/logo\\\/image\\\/\"},\"sameAs\":[\"https:\\\/\\\/www.instagram.com\\\/trilatero_ingcivil\\\/\"]}]}<\/script>\n<!-- \/ Yoast SEO plugin. -->","yoast_head_json":{"title":"Pricing List - Trilatero","robots":{"index":"index","follow":"follow","max-snippet":"max-snippet:-1","max-image-preview":"max-image-preview:large","max-video-preview":"max-video-preview:-1"},"canonical":"https:\/\/trilatero.co\/index.php\/blog-styles-copy-3\/","og_locale":"es_ES","og_type":"article","og_title":"Pricing List - Trilatero","og_description":"Our Plans Pricing List Startup 49 $ \/MO Unlimited Bandwidth Unlimited Storage Mobile-Optimized Site SL Security Certificates Advanced Analytics View More Business 389 $ \/MO Unlimited Bandwidth Unlimited Storage Mobile-Optimized Site SL Security Certificates Advanced Analytics View More Enterprise 789 $ \/MO Unlimited Bandwidth Unlimited Storage Mobile-Optimized Site SL Security [&hellip;]","og_url":"https:\/\/trilatero.co\/index.php\/blog-styles-copy-3\/","og_site_name":"Trilatero","og_image":[{"width":1600,"height":388,"url":"https:\/\/trilatero.co\/wp-content\/uploads\/2022\/03\/contact-page-header.jpg","type":"image\/jpeg"}],"twitter_card":"summary_large_image","schema":{"@context":"https:\/\/schema.org","@graph":[{"@type":"WebPage","@id":"https:\/\/trilatero.co\/index.php\/blog-styles-copy-3\/","url":"https:\/\/trilatero.co\/index.php\/blog-styles-copy-3\/","name":"Pricing List - Trilatero","isPartOf":{"@id":"http:\/\/trilatero.co\/#website"},"primaryImageOfPage":{"@id":"https:\/\/trilatero.co\/index.php\/blog-styles-copy-3\/#primaryimage"},"image":{"@id":"https:\/\/trilatero.co\/index.php\/blog-styles-copy-3\/#primaryimage"},"thumbnailUrl":"https:\/\/trilatero.co\/wp-content\/uploads\/2022\/03\/contact-page-header.jpg","datePublished":"2022-06-06T12:29:59+00:00","breadcrumb":{"@id":"https:\/\/trilatero.co\/index.php\/blog-styles-copy-3\/#breadcrumb"},"inLanguage":"es-CO","potentialAction":[{"@type":"ReadAction","target":["https:\/\/trilatero.co\/index.php\/blog-styles-copy-3\/"]}]},{"@type":"ImageObject","inLanguage":"es-CO","@id":"https:\/\/trilatero.co\/index.php\/blog-styles-copy-3\/#primaryimage","url":"https:\/\/trilatero.co\/wp-content\/uploads\/2022\/03\/contact-page-header.jpg","contentUrl":"https:\/\/trilatero.co\/wp-content\/uploads\/2022\/03\/contact-page-header.jpg","width":1600,"height":388},{"@type":"BreadcrumbList","@id":"https:\/\/trilatero.co\/index.php\/blog-styles-copy-3\/#breadcrumb","itemListElement":[{"@type":"ListItem","position":1,"name":"Inicio","item":"https:\/\/trilatero.co\/"},{"@type":"ListItem","position":2,"name":"Pricing List"}]},{"@type":"WebSite","@id":"http:\/\/trilatero.co\/#website","url":"http:\/\/trilatero.co\/","name":"Trilatero","description":"Dise\u00f1o - Construcci\u00f3n - Interventor\u00eda","publisher":{"@id":"http:\/\/trilatero.co\/#organization"},"potentialAction":[{"@type":"SearchAction","target":{"@type":"EntryPoint","urlTemplate":"http:\/\/trilatero.co\/?s={search_term_string}"},"query-input":{"@type":"PropertyValueSpecification","valueRequired":true,"valueName":"search_term_string"}}],"inLanguage":"es-CO"},{"@type":"Organization","@id":"http:\/\/trilatero.co\/#organization","name":"Trilatero","url":"http:\/\/trilatero.co\/","logo":{"@type":"ImageObject","inLanguage":"es-CO","@id":"http:\/\/trilatero.co\/#\/schema\/logo\/image\/","url":"http:\/\/trilatero.co\/wp-content\/uploads\/2023\/05\/logo_trilatero1.png","contentUrl":"http:\/\/trilatero.co\/wp-content\/uploads\/2023\/05\/logo_trilatero1.png","width":544,"height":303,"caption":"Trilatero"},"image":{"@id":"http:\/\/trilatero.co\/#\/schema\/logo\/image\/"},"sameAs":["https:\/\/www.instagram.com\/trilatero_ingcivil\/"]}]}},"_links":{"self":[{"href":"https:\/\/trilatero.co\/index.php\/wp-json\/wp\/v2\/pages\/2296","targetHints":{"allow":["GET"]}}],"collection":[{"href":"https:\/\/trilatero.co\/index.php\/wp-json\/wp\/v2\/pages"}],"about":[{"href":"https:\/\/trilatero.co\/index.php\/wp-json\/wp\/v2\/types\/page"}],"author":[{"embeddable":true,"href":"https:\/\/trilatero.co\/index.php\/wp-json\/wp\/v2\/users\/1"}],"replies":[{"embeddable":true,"href":"https:\/\/trilatero.co\/index.php\/wp-json\/wp\/v2\/comments?post=2296"}],"version-history":[{"count":0,"href":"https:\/\/trilatero.co\/index.php\/wp-json\/wp\/v2\/pages\/2296\/revisions"}],"wp:featuredmedia":[{"embeddable":true,"href":"https:\/\/trilatero.co\/index.php\/wp-json\/wp\/v2\/media\/1620"}],"wp:attachment":[{"href":"https:\/\/trilatero.co\/index.php\/wp-json\/wp\/v2\/media?parent=2296"}],"curies":[{"name":"wp","href":"https:\/\/api.w.org\/{rel}","templated":true}]}}